{"id":1829,"date":"2022-06-03T06:37:54","date_gmt":"2022-06-03T06:37:54","guid":{"rendered":"http:\/\/defensoriaparana.com.ar\/?page_id=1829"},"modified":"2025-10-29T21:23:50","modified_gmt":"2025-10-29T21:23:50","slug":"informes","status":"publish","type":"page","link":"https:\/\/defensoriaparana.com.ar\/index.php\/institucional\/informes\/","title":{"rendered":"Informes anuales"},"content":{"rendered":"\t\t<div data-elementor-type=\"wp-page\" data-elementor-id=\"1829\" class=\"elementor elementor-1829\">\n\t\t\t\t\t\t\t\t\t<section class=\"elementor-section elementor-top-section elementor-element elementor-element-4aa15a5 elementor-section-boxed elementor-section-height-default elementor-section-height-default wpr-particle-no wpr-jarallax-no wpr-parallax-no wpr-sticky-section-no\" data-id=\"4aa15a5\" data-element_type=\"section\">\n\t\t\t\t\t\t<div class=\"elementor-container elementor-column-gap-default\">\n\t\t\t\t\t<div class=\"elementor-column elementor-col-100 elementor-top-column elementor-element elementor-element-b7d07c3\" data-id=\"b7d07c3\" data-element_type=\"column\">\n\t\t\t<div class=\"elementor-widget-wrap elementor-element-populated\">\n\t\t\t\t\t\t\t\t<div class=\"elementor-element elementor-element-5f1db34 elementor-widget elementor-widget-text-editor\" data-id=\"5f1db34\" data-element_type=\"widget\" data-widget_type=\"text-editor.default\">\n\t\t\t\t<div class=\"elementor-widget-container\">\n\t\t\t<style>\/*! elementor - v3.6.5 - 27-04-2022 *\/\n.elementor-widget-text-editor.elementor-drop-cap-view-stacked .elementor-drop-cap{background-color:#818a91;color:#fff}.elementor-widget-text-editor.elementor-drop-cap-view-framed .elementor-drop-cap{color:#818a91;border:3px solid;background-color:transparent}.elementor-widget-text-editor:not(.elementor-drop-cap-view-default) .elementor-drop-cap{margin-top:8px}.elementor-widget-text-editor:not(.elementor-drop-cap-view-default) .elementor-drop-cap-letter{width:1em;height:1em}.elementor-widget-text-editor .elementor-drop-cap{float:left;text-align:center;line-height:1;font-size:50px}.elementor-widget-text-editor .elementor-drop-cap-letter{display:inline-block}<\/style>\t\t\t\t<p><!-- wp:image {\"id\":1855} --><\/p>\n<h2>Informes Anuales<\/h2>\n<div><strong>\u00a0<\/strong><\/div>\n<h5>El trabajo de la Defensor\u00eda en informes anuales<\/h5>\n<div>\n<p>A continuaci\u00f3n, el acceso digital a la totalidad de los documentos elaborados por la instituci\u00f3n desde su creaci\u00f3n, en 2003.<\/p>\n<p>La presentaci\u00f3n de Informes Anuales est\u00e1 establecida en la ordenanza N\u00b0 8391.<\/p>\n<p><a href=\"https:\/\/drive.google.com\/file\/d\/1G_cKPaUQg1cut6jo14N62g1QXmGcvmxu\/view?usp=sharing\">Informe Anual del per\u00edodo 2024-2025<\/a><\/p>\n<p><strong><a href=\"https:\/\/drive.google.com\/file\/d\/1Y5zoTRpTTJc5DzmZyMRklSjR9kYc68YU\/view?usp=drive_link\">Informe Anual del per\u00edodo 2023-2024<\/a><\/strong><\/p>\n<p><a href=\"https:\/\/drive.google.com\/file\/d\/1CpkkVl6iONkyGAqGrDFV1p-k9Q2k7HfU\/view?usp=sharing\"><b> Informe Anual del per\u00edodo 2022-2023<\/b><\/a><\/p>\n<p><a href=\"https:\/\/drive.google.com\/file\/d\/1te3NyhuE7ZA1tgZiFKyNe2yta9lgux0k\/view?usp=sharing\"><b>Informe Anual del per\u00edodo 2021-2022<\/b><\/a><\/p>\n<p><a href=\"https:\/\/drive.google.com\/file\/d\/1xYhX4kiRu8Z_J6IqX5nfrmmK7FffwlYU\/view?usp=sharing\"><strong>Informe Anual del per\u00edodo 2020-2021<\/strong><\/a><\/p>\n<p><a href=\"https:\/\/drive.google.com\/file\/d\/1n1dIpwkKEbtR4abOMYULwp8q24TmVVbk\/view?usp=sharing\"><strong>Informe Anual del per\u00edodo 2019-2020<\/strong><\/a><\/p>\n<p><a href=\"https:\/\/drive.google.com\/file\/d\/1eJ81izMt4INhQgsngPsIxU6dQXgjLsxM\/view?usp=sharing\"><strong>Informe Anual del per\u00edodo 2018-2019<\/strong><\/a><\/p>\n<p><a href=\"https:\/\/drive.google.com\/file\/d\/1pajoFS-hseiFJEN9lgCkV04jCIVsdGkQ\/view?usp=sharing\"><strong>Informe Anual del per\u00edodo 2017-2018<\/strong><\/a><\/p>\n<p><a href=\"https:\/\/drive.google.com\/file\/d\/17hAIU1biTI5fnqoSdGZ_OtCI440yW4wX\/view?usp=sharing\"><strong>Informe Anual del per\u00edodo 2016-2017<\/strong><\/a><\/p>\n<p><a href=\"https:\/\/drive.google.com\/open?id=1-NPfy7mmE-zLsI3JJmTSd0P244GanL9z\"><strong>Informe Anual del per\u00edodo 2015-2016<\/strong><\/a><\/p>\n<p><a href=\"https:\/\/drive.google.com\/file\/d\/1OHuxyuVm_sJdJmJUfmwXb17oueH_S1HL\/view?usp=sharing\"><strong>Informe Anual del per\u00edodo 2014-2015<\/strong><\/a><\/p>\n<p><a href=\"https:\/\/drive.google.com\/file\/d\/1MUXKZIP6vpokG-P2OY0Py9DrsHBvTD6l\/view?usp=sharing\"><strong>Informe Anual del per\u00edodo 2013-2014<\/strong><\/a><\/p>\n<p><a href=\"https:\/\/drive.google.com\/file\/d\/1E3_80TaFsBuzTNihN6qrtXED8Pl6yTL6\/view?usp=sharing\"><strong>Informe Anual del per\u00edodo 2012-2013<\/strong><\/a><\/p>\n<p><a href=\"https:\/\/drive.google.com\/file\/d\/1u13FIR3hgAL8hSQ_xyQ1pc9MPGK9mHGt\/view?usp=sharing\"><strong>Informe Anual del per\u00edodo 2011-2012<\/strong><\/a><\/p>\n<p><a href=\"https:\/\/drive.google.com\/file\/d\/16uvT00YrAemrRoihZJWjmmxBKhYWjjh2\/view?usp=sharing\"><strong>Informe Anual del per\u00edodo 2010-2011<\/strong><\/a><\/p>\n<p><a href=\"https:\/\/drive.google.com\/file\/d\/1No9b5YTyzSVPlEjziL0U9hE8xdbi-vIn\/view?usp=sharing\"><strong>Informe Anual del per\u00edodo 2009-2010<\/strong><\/a><\/p>\n<p><a href=\"https:\/\/drive.google.com\/file\/d\/1KIBuewNXSAI7Q5vghP-Pb3HxHU68By-C\/view?usp=sharing\"><strong>Informe Anual del per\u00edodo 2008-2009<\/strong><\/a><\/p>\n<p><a href=\"https:\/\/drive.google.com\/file\/d\/1Tn4FN1RjHUWZji7O3QeIywoPw48dcbG4\/view?usp=sharing\"><strong>Informe Anual del per\u00edodo 2007-2008<\/strong><\/a><\/p>\n<p><a href=\"https:\/\/drive.google.com\/file\/d\/1NyO8vg7GEh4nDscAsfMlQKau3LZeh14I\/view?usp=sharing\"><strong>Informe Anual del per\u00edodo 2006-2007<\/strong><\/a><\/p>\n<p><a href=\"https:\/\/drive.google.com\/file\/d\/16ookwnZ3hMk_HNM1tCXCoh-XPQ26xte9\/view?usp=sharing\"><strong>Informe Anual del per\u00edodo 2005-2006<\/strong><\/a><\/p>\n<p><a href=\"https:\/\/drive.google.com\/file\/d\/1yC7RcwMqS1jBjKfzxMNe9_2hEBGaahFG\/view?usp=sharing\"><strong>Informe Anual del per\u00edodo 2004-2005<\/strong><\/a><\/p>\n<p><a href=\"https:\/\/drive.google.com\/file\/d\/1XMkAOh7R642Y6VTluQl2s6-UD6OUVjdp\/view?usp=sharing\"><strong>Informe Anual del per\u00edodo 2003-2004<\/strong><\/a><\/p>\n<p><a href=\"https:\/\/drive.google.com\/file\/d\/14qlfivpPM_cLTNBMM4P1mDwtUDtb1-YA\/view?usp=sharin\"><strong>Informe per\u00edodo 2003, a\u00f1o en que se inicia la Defensor\u00eda<\/strong><\/a><\/p>\n<p>\u00a0<\/p>\n<\/div>\n<h2>\u00a0<\/h2>\n<h6>\u00a0<\/h6>\n<p><!-- \/wp:paragraph --><\/p>\t\t\t\t\t\t<\/div>\n\t\t\t\t<\/div>\n\t\t\t\t<div class=\"elementor-element elementor-element-78903f4 elementor-widget elementor-widget-text-editor\" data-id=\"78903f4\" data-element_type=\"widget\" data-widget_type=\"text-editor.default\">\n\t\t\t\t<div class=\"elementor-widget-container\">\n\t\t\t\t\t\t\t\t\t\t\t\t\t<\/div>\n\t\t\t\t<\/div>\n\t\t\t\t<div class=\"elementor-element elementor-element-bc14166 elementor-widget elementor-widget-text-editor\" data-id=\"bc14166\" data-element_type=\"widget\" data-widget_type=\"text-editor.default\">\n\t\t\t\t<div class=\"elementor-widget-container\">\n\t\t\t\t\t\t\t\t\t\t\t\t\t<\/div>\n\t\t\t\t<\/div>\n\t\t\t\t<div class=\"elementor-element elementor-element-4b7641c elementor-widget elementor-widget-text-editor\" data-id=\"4b7641c\" data-element_type=\"widget\" data-widget_type=\"text-editor.default\">\n\t\t\t\t<div class=\"elementor-widget-container\">\n\t\t\t\t\t\t\t\t\t\t\t\t\t<\/div>\n\t\t\t\t<\/div>\n\t\t\t\t<div class=\"elementor-element elementor-element-66febc7 elementor-widget elementor-widget-text-editor\" data-id=\"66febc7\" data-element_type=\"widget\" data-widget_type=\"text-editor.default\">\n\t\t\t\t<div class=\"elementor-widget-container\">\n\t\t\t\t\t\t\t\t\t\t\t\t\t<\/div>\n\t\t\t\t<\/div>\n\t\t\t\t\t<\/div>\n\t\t<\/div>\n\t\t\t\t\t\t\t<\/div>\n\t\t<\/section>\n\t\t\t\t\t\t\t<\/div>\n\t\t","protected":false},"excerpt":{"rendered":"","protected":false},"author":1,"featured_media":0,"parent":1825,"menu_order":0,"comment_status":"closed","ping_status":"closed","template":"elementor_canvas","meta":{"om_disable_all_campaigns":false,"_monsterinsights_skip_tracking":false,"_monsterinsights_sitenote_active":false,"_monsterinsights_sitenote_note":"","_monsterinsights_sitenote_category":0},"_links":{"self":[{"href":"https:\/\/defensoriaparana.com.ar\/index.php\/wp-json\/wp\/v2\/pages\/1829"}],"collection":[{"href":"https:\/\/defensoriaparana.com.ar\/index.php\/wp-json\/wp\/v2\/pages"}],"about":[{"href":"https:\/\/defensoriaparana.com.ar\/index.php\/wp-json\/wp\/v2\/types\/page"}],"author":[{"embeddable":true,"href":"https:\/\/defensoriaparana.com.ar\/index.php\/wp-json\/wp\/v2\/users\/1"}],"replies":[{"embeddable":true,"href":"https:\/\/defensoriaparana.com.ar\/index.php\/wp-json\/wp\/v2\/comments?post=1829"}],"version-history":[{"count":80,"href":"https:\/\/defensoriaparana.com.ar\/index.php\/wp-json\/wp\/v2\/pages\/1829\/revisions"}],"predecessor-version":[{"id":6385,"href":"https:\/\/defensoriaparana.com.ar\/index.php\/wp-json\/wp\/v2\/pages\/1829\/revisions\/6385"}],"up":[{"embeddable":true,"href":"https:\/\/defensoriaparana.com.ar\/index.php\/wp-json\/wp\/v2\/pages\/1825"}],"wp:attachment":[{"href":"https:\/\/defensoriaparana.com.ar\/index.php\/wp-json\/wp\/v2\/media?parent=1829"}],"curies":[{"name":"wp","href":"https:\/\/api.w.org\/{rel}","templated":true}]}}