{"id":1891,"date":"2022-06-24T21:51:10","date_gmt":"2022-06-24T21:51:10","guid":{"rendered":"http:\/\/defensoriaparana.com.ar\/?page_id=1891"},"modified":"2026-03-17T15:17:36","modified_gmt":"2026-03-17T15:17:36","slug":"autoridades","status":"publish","type":"page","link":"https:\/\/defensoriaparana.com.ar\/index.php\/institucional\/autoridades\/","title":{"rendered":"Autoridades"},"content":{"rendered":"\t\t<div data-elementor-type=\"wp-page\" data-elementor-id=\"1891\" class=\"elementor elementor-1891\">\n\t\t\t\t\t\t\t\t\t<section class=\"elementor-section elementor-top-section elementor-element elementor-element-72750cab elementor-section-boxed elementor-section-height-default elementor-section-height-default wpr-particle-no wpr-jarallax-no wpr-parallax-no wpr-sticky-section-no\" data-id=\"72750cab\" data-element_type=\"section\">\n\t\t\t\t\t\t<div class=\"elementor-container elementor-column-gap-default\">\n\t\t\t\t\t<div class=\"elementor-column elementor-col-100 elementor-top-column elementor-element elementor-element-4256c0cb\" data-id=\"4256c0cb\" data-element_type=\"column\">\n\t\t\t<div class=\"elementor-widget-wrap elementor-element-populated\">\n\t\t\t\t\t\t\t\t<div class=\"elementor-element elementor-element-37a722c8 elementor-widget elementor-widget-text-editor\" data-id=\"37a722c8\" data-element_type=\"widget\" data-widget_type=\"text-editor.default\">\n\t\t\t\t<div class=\"elementor-widget-container\">\n\t\t\t<style>\/*! elementor - v3.6.5 - 27-04-2022 *\/\n.elementor-widget-text-editor.elementor-drop-cap-view-stacked .elementor-drop-cap{background-color:#818a91;color:#fff}.elementor-widget-text-editor.elementor-drop-cap-view-framed .elementor-drop-cap{color:#818a91;border:3px solid;background-color:transparent}.elementor-widget-text-editor:not(.elementor-drop-cap-view-default) .elementor-drop-cap{margin-top:8px}.elementor-widget-text-editor:not(.elementor-drop-cap-view-default) .elementor-drop-cap-letter{width:1em;height:1em}.elementor-widget-text-editor .elementor-drop-cap{float:left;text-align:center;line-height:1;font-size:50px}.elementor-widget-text-editor .elementor-drop-cap-letter{display:inline-block}<\/style>\t\t\t\t<p><!-- wp:image {\"id\":1855} --><\/p>\n<h3>Autoridades<\/h3>\n<figure><\/figure>\n<p><!-- \/wp:image --><!-- wp:paragraph --><\/p>\n<h4><strong>Lisandro Amavet, Defensor del Pueblo&nbsp;<\/strong><\/h4>\n<div><img loading=\"lazy\" src=\"http:\/\/defensoriaparana.com.ar\/wp-content\/uploads\/2025\/12\/Amavet-1024x682-1.jpg\" alt=\"\" width=\"1024\" height=\"682\"><\/div>\n<p><!-- \/wp:paragraph --><!-- wp:paragraph --><\/p>\n<p>Es abogado y se desempe\u00f1\u00f3 en distintas funciones en el \u00e1mbito de la administraci\u00f3n provincial y municipal. Fue Coordinador Legal de la Municipalidad de Paran\u00e1, cargo que asumi\u00f3 en 2023.<\/p>\n<p>En 2007, fue designado&nbsp; Director de Sumarios Administrativos en la Secretar\u00eda Legal de la Municipalidad de Paran\u00e1; en 2009, asumi\u00f3 como Director Jur\u00eddico de la Unidad Ejecutora Municipal; en 2017, se incorpor\u00f3 al \u00e1mbito provincial como Director de la Direcci\u00f3n de Inspecci\u00f3n de Personas Jur\u00eddicas de Entre R\u00edos, cargo que desempe\u00f1\u00f3 hasta diciembre de 2023.<\/p>\n<p>A lo largo de estos a\u00f1os realiz\u00f3 numerosos cursos en distintas \u00e1reas jur\u00eddicas. Cursa la Maestr\u00eda en Derechos Humanos y Estudios Constitucionales en la Universidad Nacional del Litoral (UNL).<\/p>\n<p>Ha tenido una activa participaci\u00f3n en la vida institucional del Colegio de la Abogac\u00eda de Entre R\u00edos, donde fue dos veces vocal de la Secci\u00f3n Paran\u00e1, y en otras dos ocasiones su presidente.&nbsp; Es delegado provincial titular ante la Junta de Delegados del Colegio de la Abogac\u00eda.<\/p>\n<p><strong>&nbsp;<\/strong><\/p>\n<p><!-- \/wp:paragraph --><!-- wp:paragraph --><\/p>\n<p><!-- \/wp:paragraph --><!-- wp:paragraph --><\/p>\n<h4><strong>Fernando Veiga, Defensor del Pueblo Adjunto<\/strong><\/h4>\n<div>&nbsp;<\/div>\n<p><img loading=\"lazy\" class=\"alignnone size-full wp-image-6544\" src=\"http:\/\/defensoriaparana.com.ar\/wp-content\/uploads\/2025\/12\/Fernando-Veiga-1024x682-1.jpg\" alt=\"\" width=\"1024\" height=\"682\" srcset=\"https:\/\/defensoriaparana.com.ar\/wp-content\/uploads\/2025\/12\/Fernando-Veiga-1024x682-1.jpg 1024w, https:\/\/defensoriaparana.com.ar\/wp-content\/uploads\/2025\/12\/Fernando-Veiga-1024x682-1-300x200.jpg 300w, https:\/\/defensoriaparana.com.ar\/wp-content\/uploads\/2025\/12\/Fernando-Veiga-1024x682-1-768x512.jpg 768w\" sizes=\"(max-width: 1024px) 100vw, 1024px\" \/><\/p>\n<p><!-- \/wp:paragraph --><!-- wp:paragraph --><\/p>\n<p>Es licenciado en Gerontolog\u00eda y t\u00e9cnico Universitario en Psicogerontolog\u00eda. Hasta su elecci\u00f3n se desempe\u00f1\u00f3 en la Direcci\u00f3n de Derechos al Ciudadano de la Defensor\u00eda del Pueblo de Paran\u00e1, donde participaba de la recepci\u00f3n, gesti\u00f3n y evaluaci\u00f3n de intervenciones vinculadas a reclamos, la mayor\u00eda dirigidos a la Municipalidad de Paran\u00e1. Pertenece al grupo de trabajo de la Defensor\u00eda del Pueblo desde 2003, cuando se cre\u00f3 la instituci\u00f3n.<\/p>\n<p>Tambi\u00e9n es mediador comunitario y es parte del Registro de Mediadores del Centro de Mediaci\u00f3n de la Defensor\u00eda del Pueblo de Paran\u00e1.<\/p>\n<p>En el \u00e1mbito acad\u00e9mico, se desempe\u00f1a como Coordinador del Programa Adulteces y Vejeces de la Facultad de Humanidades, Artes y Ciencias Sociales de la Universidad Aut\u00f3noma de Entre R\u00edos (Uader), y como docente de la asignatura Pr\u00e1cticas en Psicogerontolog\u00eda III de la Tecnicatura Universitaria en Psicogerontolog\u00eda de la misma instituci\u00f3n.<\/p>\n<p><\/p>\n<p><!-- \/wp:paragraph --><!-- wp:paragraph --><\/p>\n<p><!-- \/wp:paragraph --><!-- wp:paragraph --><\/p>\n<h4><strong>Marcia L\u00f3pez, Defensora de los Derechos de las Personas Mayores<\/strong><\/h4>\n<p><span style=\"font-size: 1rem;\"><img loading=\"lazy\" class=\"alignnone size-full wp-image-6543\" src=\"http:\/\/defensoriaparana.com.ar\/wp-content\/uploads\/2025\/12\/Marcia-Lopez-1024x682-1.jpg\" alt=\"\" width=\"1024\" height=\"682\" srcset=\"https:\/\/defensoriaparana.com.ar\/wp-content\/uploads\/2025\/12\/Marcia-Lopez-1024x682-1.jpg 1024w, https:\/\/defensoriaparana.com.ar\/wp-content\/uploads\/2025\/12\/Marcia-Lopez-1024x682-1-300x200.jpg 300w, https:\/\/defensoriaparana.com.ar\/wp-content\/uploads\/2025\/12\/Marcia-Lopez-1024x682-1-768x512.jpg 768w\" sizes=\"(max-width: 1024px) 100vw, 1024px\" \/><\/span><\/p>\n<p><span style=\"font-size: 1rem;\">Es abogada (Universidad Nacional del Litoral), Defensora del Pueblo de Paran\u00e1 mandato cumplido (2020-2025), mediadora comunitaria y cursa la Maestr\u00eda \u201cPoder y Sociedad desde las Perspectiva de G\u00e9nero\u201d (Universidad Nacional de Rosario).<\/span><\/p>\n<p>Desde 2008, se desempe\u00f1\u00f3 como Directora General de la Direcci\u00f3n General de Asistencia Integral a la V\u00edctima del Delito de la Provincia de Entre R\u00edos.<\/p>\n<p>Fue miembro representante titular por el Ministerio de Gobierno y Justicia de la Provincia de Entre R\u00edos ante el Observatorio Interinstitucional de Seguimiento de aplicaci\u00f3n del Protocolo Interinstitucional de Actuaci\u00f3n en casos de Abuso Sexual en Ni\u00f1ez y Adolescencia.<\/p>\n<p>Tambi\u00e9n fue integrante de la Comisi\u00f3n de Legislaci\u00f3n del Consejo de Prevenci\u00f3n de las Violencias a cargo de la redacci\u00f3n de la Propuesta de Reglamentaci\u00f3n de la ley Ley 10.058.<\/p>\n<p>Los tres Defensores asumieron sus cargos el 19 de diciembre de 2025, luego de haber sido electos por el Concejo Deliberante de Paran\u00e1 un d\u00eda antes de la asunci\u00f3n, en el marco de un proceso de convocatoria y designaci\u00f3n abierto en octubre que reuni\u00f3 a 15 postulantes.<\/p>\n<p><!-- \/wp:paragraph --><!-- wp:paragraph --><\/p>\n<p><!-- \/wp:paragraph --><!-- wp:paragraph --><\/p>\n<p><!-- \/wp:paragraph --><!-- wp:paragraph --><\/p>\n<p><!-- \/wp:paragraph --><!-- wp:paragraph --><\/p>\n<p><\/p>\n<h4><strong>Irina Chausovsky, <\/strong>Coordinadora del Centro de Mediaci\u00f3n de la Defensor\u00eda del Pueblo de Paran\u00e1<\/h4>\n<div>&nbsp;<\/div>\n<p><img loading=\"lazy\" src=\"http:\/\/defensoriaparana.com.ar\/wp-content\/uploads\/2023\/01\/Irina-ultima.jpg\" alt=\"\" width=\"768\" height=\"511\"><\/p>\n<p>Es abogada, egresada de la Universidad Nacional del Litoral en 2001, y mediadora formada en el Colegio de Escribanos de Entre R\u00edos (Escuela Oyanguren, Rabinovich &amp; Asoc, 2002).<\/p>\n<p>Diplomada en Liderazgo Coach e Inteligencia Emocional (Universidad Siglo 21, 2018).&nbsp;<span style=\"color: var( --e-global-color-text ); font-family: var( --e-global-typography-text-font-family ), Sans-serif; font-weight: var( --e-global-typography-text-font-weight ); font-size: 1rem;\">&nbsp;Docente universitaria en Facultad Teresa de \u00c1vila de la UCA (Taller de M\u00e9todos Alternativos de Resoluci\u00f3n de Conflictos, Carrera Abogac\u00eda). Ha participado como asistente y ponente en numerosas jornadas, congresos y cursos, especializ\u00e1ndose en mediaci\u00f3n comunitaria, conflictos p\u00fablicos y mediaci\u00f3n educativa.&nbsp;<\/span><\/p>\n<p>Es parte del Centro de Mediaci\u00f3n de la Defensor\u00eda del Pueblo de Paran\u00e1 desde el inicio del \u00e1rea, en 2003.&nbsp; Comenz\u00f3 como mediadora ad honorem, luego como Jefa de Secci\u00f3n del Servicio de Mediaci\u00f3n y actualmente es Coordinadora, cargo al que accedi\u00f3 por concurso de oposici\u00f3n y antecedentes sustanciado en octubre 2012, abril de 2018 y diciembre de 2022.<\/p>\n<p><\/p>\n<p><strong style=\"color: inherit; font-family: inherit; font-size: 1.5rem;\">Mandatos<\/strong><\/p>\n<p><strong>*<\/strong> Los cargos frente a la Defensor\u00eda del Pueblo (titular y adjunto)&nbsp; son de cinco a\u00f1os con posibilidad de reelecci\u00f3n por \u00fanica vez. Las actuales autoridades fueron electas para cumplir un primer mandato.&nbsp;<b>El 30 de septiembre de 2025 hab\u00eda concluido el per\u00edodo iniciado por las anteriores autoridades el 1 de octubre de 2020, por lo que el Concejo Deliberante dispuso una pr\u00f3rroga del mandato hasta la realizaci\u00f3n de la nueva convocatoria p\u00fablica, elecci\u00f3n y toma de posesi\u00f3n de los cargos<\/b>. Dicho decreto N\u00famero 195 abarc\u00f3 la funci\u00f3n de Defensora del Pueblo y Defensora del Pueblo Adjunta y previ\u00f3 un cronograma de convocatoria p\u00fablica que se inici\u00f3 el 27 de octubre y concluy\u00f3 el 19 de diciembre de 2025.<\/p>\n<p><strong style=\"font-size: 1rem;\">*<\/strong><span style=\"font-size: 1rem;\">&nbsp;L<\/span><span style=\"font-size: 1rem;\">a ordenanza 9389, de creaci\u00f3n de la Defensor\u00eda de los Derechos de las Personas Mayores, contempl\u00f3 un <b>mandato de dos a\u00f1os,<\/b> con la posibilidad de acceder a un segundo per\u00edodo de forma consecutiva. <b>La disposici\u00f3n rigi\u00f3 hasta el 2 de octubre de 2025, cuando el Concejo Deliberante introdujo una modificaci\u00f3n a la ordenanza, llevando el per\u00edodo a cinco a\u00f1os con la posibilidad de reelecci\u00f3n<\/b>.&nbsp;<\/span><\/p>\n<p><b><strong>*<\/strong> La Coordinaci\u00f3n del Centro de Mediaci\u00f3n est\u00e1 establecida en per\u00edodos de cuatro a\u00f1os. El mandato concluye en diciembre de 2026.<\/b><\/p>\n<p><\/p>\n<h4><strong>Sandra E. B. Cislaghi, Coordinadora Territorial&nbsp;<\/strong><\/h4>\n<p><img loading=\"lazy\" class=\"alignnone size-full wp-image-6790\" src=\"http:\/\/defensoriaparana.com.ar\/wp-content\/uploads\/2026\/03\/WhatsApp-Image-2026-03-17-at-11.42.22.jpeg\" alt=\"\" width=\"1272\" height=\"1280\" srcset=\"https:\/\/defensoriaparana.com.ar\/wp-content\/uploads\/2026\/03\/WhatsApp-Image-2026-03-17-at-11.42.22.jpeg 1272w, https:\/\/defensoriaparana.com.ar\/wp-content\/uploads\/2026\/03\/WhatsApp-Image-2026-03-17-at-11.42.22-298x300.jpeg 298w, https:\/\/defensoriaparana.com.ar\/wp-content\/uploads\/2026\/03\/WhatsApp-Image-2026-03-17-at-11.42.22-1018x1024.jpeg 1018w, https:\/\/defensoriaparana.com.ar\/wp-content\/uploads\/2026\/03\/WhatsApp-Image-2026-03-17-at-11.42.22-150x150.jpeg 150w, https:\/\/defensoriaparana.com.ar\/wp-content\/uploads\/2026\/03\/WhatsApp-Image-2026-03-17-at-11.42.22-768x773.jpeg 768w\" sizes=\"(max-width: 1272px) 100vw, 1272px\" \/><\/p>\n<p><\/p>\n<p>Es Licenciada en Psicolog\u00eda, Mediadora comunitaria y especialista en gesti\u00f3n institucional y pol\u00edticas sociales. Cuenta con trayectoria en el \u00e1mbito de la salud mental, la promoci\u00f3n de derechos humanos y el desarrollo de programas formativos y comunitarios con perspectiva de g\u00e9nero y cuidados.<\/p>\n<p>Tiene experiencia en trabajo territorial y articulaci\u00f3n institucional.<\/p>\n<p>Es Directora General de la Agencia de Salud Mental de Entre R\u00edos (2024). Desde ese lugar dirige, planifica y coordina pol\u00edticas p\u00fablicas de salud mental en la provincia.&nbsp;<\/p>\n<p>Integra la Mesa por la Salud Mental de Entre R\u00edos, un espacio construido con la participaci\u00f3n activa de diferentes organizaciones con el fin de promover la construcci\u00f3n de lineamientos interinstitucionales y pol\u00edticas p\u00fablicas de salud mental en la provincia (redacci\u00f3n del Proyecto de Ley con estado parlamentario: &#8220;Red Integral de los Cuidados de la Salud Mental y Bienestar en territorios entrerrianos&#8221;).<\/p>\n<p>Tambi\u00e9n tuvo a su cargo la coordinaci\u00f3n en Entre R\u00edos del Programa Nacional \u201cEl Estado en Tu Barrio\u201d, dependiente de Jefatura de Gabinete Gobierno Nacional, a trav\u00e9s del cual se implementaron programas territoriales articulando pol\u00edticas sociales y sanitarias. Fue Coordinadora de Salud, dependiente del Ministerio de Salud Gobierno de Entre R\u00edos, entre otras actividades.<\/p>\n<p><b>&nbsp;<\/b><\/p>\n<p><\/p>\n<p><!-- \/wp:paragraph --><!-- wp:paragraph --><\/p>\n<p><!-- \/wp:paragraph --><!-- wp:paragraph --><\/p>\n<p><\/p>\n<p><!-- \/wp:paragraph --><\/p>\t\t\t\t\t\t<\/div>\n\t\t\t\t<\/div>\n\t\t\t\t<div class=\"elementor-element elementor-element-14f32f1 elementor-widget elementor-widget-text-editor\" data-id=\"14f32f1\" data-element_type=\"widget\" data-widget_type=\"text-editor.default\">\n\t\t\t\t<div class=\"elementor-widget-container\">\n\t\t\t\t\t\t\t\t\t\t\t\t\t<\/div>\n\t\t\t\t<\/div>\n\t\t\t\t<div class=\"elementor-element elementor-element-75a3daa elementor-widget elementor-widget-text-editor\" data-id=\"75a3daa\" data-element_type=\"widget\" data-widget_type=\"text-editor.default\">\n\t\t\t\t<div class=\"elementor-widget-container\">\n\t\t\t\t\t\t\t\t\t\t\t\t\t<\/div>\n\t\t\t\t<\/div>\n\t\t\t\t<div class=\"elementor-element elementor-element-6550299 elementor-widget elementor-widget-text-editor\" data-id=\"6550299\" data-element_type=\"widget\" data-widget_type=\"text-editor.default\">\n\t\t\t\t<div class=\"elementor-widget-container\">\n\t\t\t\t\t\t\t\t\t\t\t\t\t<\/div>\n\t\t\t\t<\/div>\n\t\t\t\t\t<\/div>\n\t\t<\/div>\n\t\t\t\t\t\t\t<\/div>\n\t\t<\/section>\n\t\t\t\t\t\t\t<\/div>\n\t\t","protected":false},"excerpt":{"rendered":"<p>Lisandro Amavet, Defensor del Pueblo&nbsp; Es abogado y se desempe\u00f1\u00f3 en distintas funciones en el \u00e1mbito de la administraci\u00f3n provincial y municipal. Fue Coordinador Legal de la Municipalidad de Paran\u00e1, cargo que asumi\u00f3 en 2023. En 2007, fue designado&nbsp; Director de Sumarios Administrativos en la Secretar\u00eda Legal de la Municipalidad de Paran\u00e1; en 2009, asumi\u00f3 [&hellip;]<\/p>\n","protected":false},"author":1,"featured_media":0,"parent":1825,"menu_order":0,"comment_status":"closed","ping_status":"closed","template":"elementor_canvas","meta":{"om_disable_all_campaigns":false,"_monsterinsights_skip_tracking":false,"_monsterinsights_sitenote_active":false,"_monsterinsights_sitenote_note":"","_monsterinsights_sitenote_category":0},"_links":{"self":[{"href":"https:\/\/defensoriaparana.com.ar\/index.php\/wp-json\/wp\/v2\/pages\/1891"}],"collection":[{"href":"https:\/\/defensoriaparana.com.ar\/index.php\/wp-json\/wp\/v2\/pages"}],"about":[{"href":"https:\/\/defensoriaparana.com.ar\/index.php\/wp-json\/wp\/v2\/types\/page"}],"author":[{"embeddable":true,"href":"https:\/\/defensoriaparana.com.ar\/index.php\/wp-json\/wp\/v2\/users\/1"}],"replies":[{"embeddable":true,"href":"https:\/\/defensoriaparana.com.ar\/index.php\/wp-json\/wp\/v2\/comments?post=1891"}],"version-history":[{"count":85,"href":"https:\/\/defensoriaparana.com.ar\/index.php\/wp-json\/wp\/v2\/pages\/1891\/revisions"}],"predecessor-version":[{"id":6793,"href":"https:\/\/defensoriaparana.com.ar\/index.php\/wp-json\/wp\/v2\/pages\/1891\/revisions\/6793"}],"up":[{"embeddable":true,"href":"https:\/\/defensoriaparana.com.ar\/index.php\/wp-json\/wp\/v2\/pages\/1825"}],"wp:attachment":[{"href":"https:\/\/defensoriaparana.com.ar\/index.php\/wp-json\/wp\/v2\/media?parent=1891"}],"curies":[{"name":"wp","href":"https:\/\/api.w.org\/{rel}","templated":true}]}}