{"id":1938,"date":"2022-07-08T22:03:33","date_gmt":"2022-07-08T22:03:33","guid":{"rendered":"http:\/\/defensoriaparana.com.ar\/?page_id=1938"},"modified":"2025-02-12T13:19:07","modified_gmt":"2025-02-12T13:19:07","slug":"cuando-se-puede-recurrir-a-la-defensoria","status":"publish","type":"page","link":"https:\/\/defensoriaparana.com.ar\/index.php\/reclamos\/cuando-se-puede-recurrir-a-la-defensoria\/","title":{"rendered":"\u00bfCu\u00e1ndo se puede recurrir a la Defensor\u00eda?"},"content":{"rendered":"\t\t<div data-elementor-type=\"wp-page\" data-elementor-id=\"1938\" class=\"elementor elementor-1938\">\n\t\t\t\t\t\t\t\t\t<section class=\"elementor-section elementor-top-section elementor-element elementor-element-6113abf elementor-section-boxed elementor-section-height-default elementor-section-height-default wpr-particle-no wpr-jarallax-no wpr-parallax-no wpr-sticky-section-no\" data-id=\"6113abf\" data-element_type=\"section\">\n\t\t\t\t\t\t<div class=\"elementor-container elementor-column-gap-default\">\n\t\t\t\t\t<div class=\"elementor-column elementor-col-100 elementor-top-column elementor-element elementor-element-4f09fb0\" data-id=\"4f09fb0\" data-element_type=\"column\">\n\t\t\t<div class=\"elementor-widget-wrap elementor-element-populated\">\n\t\t\t\t\t\t\t\t<div class=\"elementor-element elementor-element-bff0932 elementor-widget elementor-widget-text-editor\" data-id=\"bff0932\" data-element_type=\"widget\" data-widget_type=\"text-editor.default\">\n\t\t\t\t<div class=\"elementor-widget-container\">\n\t\t\t<style>\/*! elementor - v3.6.5 - 27-04-2022 *\/\n.elementor-widget-text-editor.elementor-drop-cap-view-stacked .elementor-drop-cap{background-color:#818a91;color:#fff}.elementor-widget-text-editor.elementor-drop-cap-view-framed .elementor-drop-cap{color:#818a91;border:3px solid;background-color:transparent}.elementor-widget-text-editor:not(.elementor-drop-cap-view-default) .elementor-drop-cap{margin-top:8px}.elementor-widget-text-editor:not(.elementor-drop-cap-view-default) .elementor-drop-cap-letter{width:1em;height:1em}.elementor-widget-text-editor .elementor-drop-cap{float:left;text-align:center;line-height:1;font-size:50px}.elementor-widget-text-editor .elementor-drop-cap-letter{display:inline-block}<\/style>\t\t\t\t<p><!-- wp:image {\"id\":1855} --><\/p>\n<h3><strong>\u00bfCu\u00e1ndo se puede recurrir a la Defensor\u00eda?<\/strong><\/h3>\n<p>Cuando sientas y consideres vulnerados tus derechos o cuando necesites asesoramiento sobre distintos temas. Tambi\u00e9n cuando tengas un inconveniente en tu barrio, con vecinos, o en tem\u00e1ticas relacionadas a personas mayores.<\/p>\n<p>La Defensor\u00eda act\u00faa ante la vulneraci\u00f3n de derechos, garant\u00edas e intereses individuales, colectivos y difusos por parte de los siguientes \u00e1mbitos: Estado Municipal, organismos descentralizados y aut\u00e1rquicos, consorcios, cooperativas, entidades estatales y no estatales que desarrollen actividades p\u00fablicas, empresas prestatarias de servicios p\u00fablicos.<\/p>\n<p>*La presentaci\u00f3n ante esta instituci\u00f3n debe concretarse reci\u00e9n despu\u00e9s de que el vecino haya agotado las instancias de reclamo en la oficina p\u00fablica, empresa o instituci\u00f3n objetada.<\/p>\n<p><!-- \/wp:paragraph --><\/p>\t\t\t\t\t\t<\/div>\n\t\t\t\t<\/div>\n\t\t\t\t\t<\/div>\n\t\t<\/div>\n\t\t\t\t\t\t\t<\/div>\n\t\t<\/section>\n\t\t\t\t\t\t\t<\/div>\n\t\t","protected":false},"excerpt":{"rendered":"","protected":false},"author":1,"featured_media":0,"parent":1828,"menu_order":1,"comment_status":"closed","ping_status":"closed","template":"elementor_canvas","meta":{"om_disable_all_campaigns":false,"_monsterinsights_skip_tracking":false,"_monsterinsights_sitenote_active":false,"_monsterinsights_sitenote_note":"","_monsterinsights_sitenote_category":0},"_links":{"self":[{"href":"https:\/\/defensoriaparana.com.ar\/index.php\/wp-json\/wp\/v2\/pages\/1938"}],"collection":[{"href":"https:\/\/defensoriaparana.com.ar\/index.php\/wp-json\/wp\/v2\/pages"}],"about":[{"href":"https:\/\/defensoriaparana.com.ar\/index.php\/wp-json\/wp\/v2\/types\/page"}],"author":[{"embeddable":true,"href":"https:\/\/defensoriaparana.com.ar\/index.php\/wp-json\/wp\/v2\/users\/1"}],"replies":[{"embeddable":true,"href":"https:\/\/defensoriaparana.com.ar\/index.php\/wp-json\/wp\/v2\/comments?post=1938"}],"version-history":[{"count":13,"href":"https:\/\/defensoriaparana.com.ar\/index.php\/wp-json\/wp\/v2\/pages\/1938\/revisions"}],"predecessor-version":[{"id":5591,"href":"https:\/\/defensoriaparana.com.ar\/index.php\/wp-json\/wp\/v2\/pages\/1938\/revisions\/5591"}],"up":[{"embeddable":true,"href":"https:\/\/defensoriaparana.com.ar\/index.php\/wp-json\/wp\/v2\/pages\/1828"}],"wp:attachment":[{"href":"https:\/\/defensoriaparana.com.ar\/index.php\/wp-json\/wp\/v2\/media?parent=1938"}],"curies":[{"name":"wp","href":"https:\/\/api.w.org\/{rel}","templated":true}]}}