{"id":2019,"date":"2022-07-09T12:54:56","date_gmt":"2022-07-09T12:54:56","guid":{"rendered":"http:\/\/defensoriaparana.com.ar\/?page_id=2019"},"modified":"2022-07-09T13:13:54","modified_gmt":"2022-07-09T13:13:54","slug":"centro-de-mediacion-2","status":"publish","type":"page","link":"https:\/\/defensoriaparana.com.ar\/index.php\/centro-de-mediacion-2\/","title":{"rendered":"Centro de Mediaci\u00f3n"},"content":{"rendered":"\t\t<div data-elementor-type=\"wp-page\" data-elementor-id=\"2019\" class=\"elementor elementor-2019\">\n\t\t\t\t\t\t\t\t\t<section class=\"elementor-section elementor-top-section elementor-element elementor-element-75bc89b elementor-section-boxed elementor-section-height-default elementor-section-height-default wpr-particle-no wpr-jarallax-no wpr-parallax-no wpr-sticky-section-no\" data-id=\"75bc89b\" data-element_type=\"section\">\n\t\t\t\t\t\t<div class=\"elementor-container elementor-column-gap-default\">\n\t\t\t\t\t<div class=\"elementor-column elementor-col-100 elementor-top-column elementor-element elementor-element-ecfbc58\" data-id=\"ecfbc58\" data-element_type=\"column\">\n\t\t\t<div class=\"elementor-widget-wrap elementor-element-populated\">\n\t\t\t\t\t\t\t\t<div class=\"elementor-element elementor-element-c0ba6d0 elementor-widget elementor-widget-wpr-magazine-grid\" data-id=\"c0ba6d0\" data-element_type=\"widget\" data-widget_type=\"wpr-magazine-grid.default\">\n\t\t\t\t<div class=\"elementor-widget-container\">\n\t\t\t<div class=\"wpr-magazine-grid-wrap\"  data-slide-effect=\"\"><section class=\"wpr-magazine-grid wpr-mgzn-grid-3-h wpr-mgzn-grid-rows-2\"><article class=\"wpr-mgzn-grid-item elementor-clearfix post-2042 page type-page status-publish hentry\"><div class=\"wpr-grid-item-inner\"><div class=\"wpr-grid-media-wrap\" data-overlay-link=\"yes\"><div class=\"wpr-grid-media-hover wpr-animation-wrap\"><div class=\"wpr-grid-media-hover-bg  wpr-overlay-fade-out wpr-anim-size-medium wpr-anim-timing-ease-default wpr-anim-transparency\" data-url=\"https:\/\/defensoriaparana.com.ar\/index.php\/centro-de-mediacion-2\/informe-anual\/\"><\/div><div class=\"wpr-grid-media-hover-bottom elementor-clearfix\"><div class=\"wpr-grid-item-category elementor-repeater-item-0069dfa wpr-grid-item-display-block wpr-grid-item-align-left wpr-pointer-none wpr-pointer-line-fx wpr-pointer-fx-fade wpr-grid-tax-style-1\"><div class=\"inner-block\"><\/div><\/div><h2 class=\"wpr-grid-item-title elementor-repeater-item-1642fe9 wpr-grid-item-display-block wpr-grid-item-align-left wpr-pointer-none wpr-pointer-line-fx wpr-pointer-fx-fade\"><div class=\"inner-block\"><a href=\"https:\/\/defensoriaparana.com.ar\/index.php\/centro-de-mediacion-2\/informe-anual\/\" class=\"wpr-pointer-item\">Informe anual<\/a><\/div><\/h2><div class=\"wpr-grid-item-separator elementor-repeater-item-8bc8550 wpr-grid-item-display-inline wpr-grid-item-align-left wpr-grid-sep-style-1\"><div class=\"inner-block\"><span><\/span><\/div><\/div><\/div><\/div><\/div><\/div><\/article><article class=\"wpr-mgzn-grid-item elementor-clearfix post-2037 page type-page status-publish hentry\"><div class=\"wpr-grid-item-inner\"><div class=\"wpr-grid-media-wrap\" data-overlay-link=\"yes\"><div class=\"wpr-grid-media-hover wpr-animation-wrap\"><div class=\"wpr-grid-media-hover-bg  wpr-overlay-fade-out wpr-anim-size-medium wpr-anim-timing-ease-default wpr-anim-transparency\" data-url=\"https:\/\/defensoriaparana.com.ar\/index.php\/centro-de-mediacion-2\/registro-de-mediadores\/\"><\/div><div class=\"wpr-grid-media-hover-bottom elementor-clearfix\"><div class=\"wpr-grid-item-category elementor-repeater-item-0069dfa wpr-grid-item-display-block wpr-grid-item-align-left wpr-pointer-none wpr-pointer-line-fx wpr-pointer-fx-fade wpr-grid-tax-style-1\"><div class=\"inner-block\"><\/div><\/div><h2 class=\"wpr-grid-item-title elementor-repeater-item-1642fe9 wpr-grid-item-display-block wpr-grid-item-align-left wpr-pointer-none wpr-pointer-line-fx wpr-pointer-fx-fade\"><div class=\"inner-block\"><a href=\"https:\/\/defensoriaparana.com.ar\/index.php\/centro-de-mediacion-2\/registro-de-mediadores\/\" class=\"wpr-pointer-item\">Registro de mediadoras y mediadores comunitarios<\/a><\/div><\/h2><div class=\"wpr-grid-item-separator elementor-repeater-item-8bc8550 wpr-grid-item-display-inline wpr-grid-item-align-left wpr-grid-sep-style-1\"><div class=\"inner-block\"><span><\/span><\/div><\/div><\/div><\/div><\/div><\/div><\/article><article class=\"wpr-mgzn-grid-item elementor-clearfix post-2032 page type-page status-publish hentry\"><div class=\"wpr-grid-item-inner\"><div class=\"wpr-grid-media-wrap\" data-overlay-link=\"yes\"><div class=\"wpr-grid-media-hover wpr-animation-wrap\"><div class=\"wpr-grid-media-hover-bg  wpr-overlay-fade-out wpr-anim-size-medium wpr-anim-timing-ease-default wpr-anim-transparency\" data-url=\"https:\/\/defensoriaparana.com.ar\/index.php\/centro-de-mediacion-2\/cuando-empieza-la-mediacion\/\"><\/div><div class=\"wpr-grid-media-hover-bottom elementor-clearfix\"><div class=\"wpr-grid-item-category elementor-repeater-item-0069dfa wpr-grid-item-display-block wpr-grid-item-align-left wpr-pointer-none wpr-pointer-line-fx wpr-pointer-fx-fade wpr-grid-tax-style-1\"><div class=\"inner-block\"><\/div><\/div><h2 class=\"wpr-grid-item-title elementor-repeater-item-1642fe9 wpr-grid-item-display-block wpr-grid-item-align-left wpr-pointer-none wpr-pointer-line-fx wpr-pointer-fx-fade\"><div class=\"inner-block\"><a href=\"https:\/\/defensoriaparana.com.ar\/index.php\/centro-de-mediacion-2\/cuando-empieza-la-mediacion\/\" class=\"wpr-pointer-item\">C\u00f3mo solicitar una mediaci\u00f3n<\/a><\/div><\/h2><div class=\"wpr-grid-item-separator elementor-repeater-item-8bc8550 wpr-grid-item-display-inline wpr-grid-item-align-left wpr-grid-sep-style-1\"><div class=\"inner-block\"><span><\/span><\/div><\/div><\/div><\/div><\/div><\/div><\/article><article class=\"wpr-mgzn-grid-item elementor-clearfix post-2027 page type-page status-publish hentry\"><div class=\"wpr-grid-item-inner\"><div class=\"wpr-grid-media-wrap\" data-overlay-link=\"yes\"><div class=\"wpr-grid-media-hover wpr-animation-wrap\"><div class=\"wpr-grid-media-hover-bg  wpr-overlay-fade-out wpr-anim-size-medium wpr-anim-timing-ease-default wpr-anim-transparency\" data-url=\"https:\/\/defensoriaparana.com.ar\/index.php\/centro-de-mediacion-2\/programas\/\"><\/div><div class=\"wpr-grid-media-hover-bottom elementor-clearfix\"><div class=\"wpr-grid-item-category elementor-repeater-item-0069dfa wpr-grid-item-display-block wpr-grid-item-align-left wpr-pointer-none wpr-pointer-line-fx wpr-pointer-fx-fade wpr-grid-tax-style-1\"><div class=\"inner-block\"><\/div><\/div><h2 class=\"wpr-grid-item-title elementor-repeater-item-1642fe9 wpr-grid-item-display-block wpr-grid-item-align-left wpr-pointer-none wpr-pointer-line-fx wpr-pointer-fx-fade\"><div class=\"inner-block\"><a href=\"https:\/\/defensoriaparana.com.ar\/index.php\/centro-de-mediacion-2\/programas\/\" class=\"wpr-pointer-item\">Programas<\/a><\/div><\/h2><div class=\"wpr-grid-item-separator elementor-repeater-item-8bc8550 wpr-grid-item-display-inline wpr-grid-item-align-left wpr-grid-sep-style-1\"><div class=\"inner-block\"><span><\/span><\/div><\/div><\/div><\/div><\/div><\/div><\/article><article class=\"wpr-mgzn-grid-item elementor-clearfix post-2021 page type-page status-publish hentry\"><div class=\"wpr-grid-item-inner\"><div class=\"wpr-grid-media-wrap\" data-overlay-link=\"yes\"><div class=\"wpr-grid-media-hover wpr-animation-wrap\"><div class=\"wpr-grid-media-hover-bg  wpr-overlay-fade-out wpr-anim-size-medium wpr-anim-timing-ease-default wpr-anim-transparency\" data-url=\"https:\/\/defensoriaparana.com.ar\/index.php\/centro-de-mediacion-2\/coordinacion\/\"><\/div><div class=\"wpr-grid-media-hover-bottom elementor-clearfix\"><div class=\"wpr-grid-item-category elementor-repeater-item-0069dfa wpr-grid-item-display-block wpr-grid-item-align-left wpr-pointer-none wpr-pointer-line-fx wpr-pointer-fx-fade wpr-grid-tax-style-1\"><div class=\"inner-block\"><\/div><\/div><h2 class=\"wpr-grid-item-title elementor-repeater-item-1642fe9 wpr-grid-item-display-block wpr-grid-item-align-left wpr-pointer-none wpr-pointer-line-fx wpr-pointer-fx-fade\"><div class=\"inner-block\"><a href=\"https:\/\/defensoriaparana.com.ar\/index.php\/centro-de-mediacion-2\/coordinacion\/\" class=\"wpr-pointer-item\">Coordinaci\u00f3n<\/a><\/div><\/h2><div class=\"wpr-grid-item-separator elementor-repeater-item-8bc8550 wpr-grid-item-display-inline wpr-grid-item-align-left wpr-grid-sep-style-1\"><div class=\"inner-block\"><span><\/span><\/div><\/div><\/div><\/div><\/div><\/div><\/article><article class=\"wpr-mgzn-grid-item elementor-clearfix post-2008 page type-page status-publish hentry\"><div class=\"wpr-grid-item-inner\"><div class=\"wpr-grid-media-wrap\" data-overlay-link=\"yes\"><div class=\"wpr-grid-media-hover wpr-animation-wrap\"><div class=\"wpr-grid-media-hover-bg  wpr-overlay-fade-out wpr-anim-size-medium wpr-anim-timing-ease-default wpr-anim-transparency\" data-url=\"https:\/\/defensoriaparana.com.ar\/index.php\/centro-de-mediacion-2\/centro-de-mediacion\/\"><\/div><div class=\"wpr-grid-media-hover-bottom elementor-clearfix\"><div class=\"wpr-grid-item-category elementor-repeater-item-0069dfa wpr-grid-item-display-block wpr-grid-item-align-left wpr-pointer-none wpr-pointer-line-fx wpr-pointer-fx-fade wpr-grid-tax-style-1\"><div class=\"inner-block\"><\/div><\/div><h2 class=\"wpr-grid-item-title elementor-repeater-item-1642fe9 wpr-grid-item-display-block wpr-grid-item-align-left wpr-pointer-none wpr-pointer-line-fx wpr-pointer-fx-fade\"><div class=\"inner-block\"><a href=\"https:\/\/defensoriaparana.com.ar\/index.php\/centro-de-mediacion-2\/centro-de-mediacion\/\" class=\"wpr-pointer-item\">Sobre el Centro<\/a><\/div><\/h2><div class=\"wpr-grid-item-separator elementor-repeater-item-8bc8550 wpr-grid-item-display-inline wpr-grid-item-align-left wpr-grid-sep-style-1\"><div class=\"inner-block\"><span><\/span><\/div><\/div><\/div><\/div><\/div><\/div><\/article><\/section><\/div>\t\t<\/div>\n\t\t\t\t<\/div>\n\t\t\t\t\t<\/div>\n\t\t<\/div>\n\t\t\t\t\t\t\t<\/div>\n\t\t<\/section>\n\t\t\t\t\t\t\t<\/div>\n\t\t","protected":false},"excerpt":{"rendered":"<p>Informe anual Registro de mediadores \u00bfCu\u00e1ndo empieza la mediaci\u00f3n? Programas Coordinaci\u00f3n Sobre el Centro<\/p>\n","protected":false},"author":1,"featured_media":0,"parent":0,"menu_order":0,"comment_status":"closed","ping_status":"closed","template":"","meta":{"om_disable_all_campaigns":false,"_monsterinsights_skip_tracking":false,"_monsterinsights_sitenote_active":false,"_monsterinsights_sitenote_note":"","_monsterinsights_sitenote_category":0},"_links":{"self":[{"href":"https:\/\/defensoriaparana.com.ar\/index.php\/wp-json\/wp\/v2\/pages\/2019"}],"collection":[{"href":"https:\/\/defensoriaparana.com.ar\/index.php\/wp-json\/wp\/v2\/pages"}],"about":[{"href":"https:\/\/defensoriaparana.com.ar\/index.php\/wp-json\/wp\/v2\/types\/page"}],"author":[{"embeddable":true,"href":"https:\/\/defensoriaparana.com.ar\/index.php\/wp-json\/wp\/v2\/users\/1"}],"replies":[{"embeddable":true,"href":"https:\/\/defensoriaparana.com.ar\/index.php\/wp-json\/wp\/v2\/comments?post=2019"}],"version-history":[{"count":5,"href":"https:\/\/defensoriaparana.com.ar\/index.php\/wp-json\/wp\/v2\/pages\/2019\/revisions"}],"predecessor-version":[{"id":3459,"href":"https:\/\/defensoriaparana.com.ar\/index.php\/wp-json\/wp\/v2\/pages\/2019\/revisions\/3459"}],"wp:attachment":[{"href":"https:\/\/defensoriaparana.com.ar\/index.php\/wp-json\/wp\/v2\/media?parent=2019"}],"curies":[{"name":"wp","href":"https:\/\/api.w.org\/{rel}","templated":true}]}}