{"id":4521,"date":"2023-02-13T20:44:55","date_gmt":"2023-02-13T20:44:55","guid":{"rendered":"http:\/\/defensoriaparana.com.ar\/?page_id=4521"},"modified":"2025-10-22T14:57:43","modified_gmt":"2025-10-22T14:57:43","slug":"defensoria-del-pueblo-de-la-nacion","status":"publish","type":"page","link":"https:\/\/defensoriaparana.com.ar\/index.php\/defensoria-del-pueblo-de-la-nacion\/","title":{"rendered":"Defensor\u00eda del Pueblo de la Naci\u00f3n"},"content":{"rendered":"\t\t<div data-elementor-type=\"wp-page\" data-elementor-id=\"4521\" class=\"elementor elementor-4521\">\n\t\t\t\t\t\t\t\t\t<section class=\"elementor-section elementor-top-section elementor-element elementor-element-3d406ab elementor-section-boxed elementor-section-height-default elementor-section-height-default wpr-particle-no wpr-jarallax-no wpr-parallax-no wpr-sticky-section-no\" data-id=\"3d406ab\" data-element_type=\"section\">\n\t\t\t\t\t\t<div class=\"elementor-container elementor-column-gap-default\">\n\t\t\t\t\t<div class=\"elementor-column elementor-col-100 elementor-top-column elementor-element elementor-element-4f5914c\" data-id=\"4f5914c\" data-element_type=\"column\">\n\t\t\t<div class=\"elementor-widget-wrap elementor-element-populated\">\n\t\t\t\t\t\t\t\t<div class=\"elementor-element elementor-element-bebecd9 elementor-widget elementor-widget-heading\" data-id=\"bebecd9\" data-element_type=\"widget\" data-widget_type=\"heading.default\">\n\t\t\t\t<div class=\"elementor-widget-container\">\n\t\t\t<style>\/*! elementor - v3.6.5 - 27-04-2022 *\/\n.elementor-heading-title{padding:0;margin:0;line-height:1}.elementor-widget-heading .elementor-heading-title[class*=elementor-size-]>a{color:inherit;font-size:inherit;line-height:inherit}.elementor-widget-heading .elementor-heading-title.elementor-size-small{font-size:15px}.elementor-widget-heading .elementor-heading-title.elementor-size-medium{font-size:19px}.elementor-widget-heading .elementor-heading-title.elementor-size-large{font-size:29px}.elementor-widget-heading .elementor-heading-title.elementor-size-xl{font-size:39px}.elementor-widget-heading .elementor-heading-title.elementor-size-xxl{font-size:59px}<\/style><h2 class=\"elementor-heading-title elementor-size-default\">Defensor\u00eda del Pueblo de la Naci\u00f3n Argentina<\/h2>\t\t<\/div>\n\t\t\t\t<\/div>\n\t\t\t\t\t<\/div>\n\t\t<\/div>\n\t\t\t\t\t\t\t<\/div>\n\t\t<\/section>\n\t\t\t\t<section class=\"elementor-section elementor-top-section elementor-element elementor-element-634ea16 elementor-section-boxed elementor-section-height-default elementor-section-height-default wpr-particle-no wpr-jarallax-no wpr-parallax-no wpr-sticky-section-no\" data-id=\"634ea16\" data-element_type=\"section\">\n\t\t\t\t\t\t<div class=\"elementor-container elementor-column-gap-default\">\n\t\t\t\t\t<div class=\"elementor-column elementor-col-100 elementor-top-column elementor-element elementor-element-544722b\" data-id=\"544722b\" data-element_type=\"column\">\n\t\t\t<div class=\"elementor-widget-wrap elementor-element-populated\">\n\t\t\t\t\t\t\t\t<div class=\"elementor-element elementor-element-5660acc elementor-widget elementor-widget-image\" data-id=\"5660acc\" data-element_type=\"widget\" data-widget_type=\"image.default\">\n\t\t\t\t<div class=\"elementor-widget-container\">\n\t\t\t<style>\/*! elementor - v3.6.5 - 27-04-2022 *\/\n.elementor-widget-image{text-align:center}.elementor-widget-image a{display:inline-block}.elementor-widget-image a img[src$=\".svg\"]{width:48px}.elementor-widget-image img{vertical-align:middle;display:inline-block}<\/style>\t\t\t\t\t\t\t\t\t\t\t\t<img width=\"150\" height=\"150\" src=\"https:\/\/defensoriaparana.com.ar\/wp-content\/uploads\/2023\/02\/Defensoria_logo-150x150.png\" class=\"attachment-thumbnail size-thumbnail\" alt=\"\" loading=\"lazy\" srcset=\"https:\/\/defensoriaparana.com.ar\/wp-content\/uploads\/2023\/02\/Defensoria_logo-150x150.png 150w, https:\/\/defensoriaparana.com.ar\/wp-content\/uploads\/2023\/02\/Defensoria_logo-300x300.png 300w, https:\/\/defensoriaparana.com.ar\/wp-content\/uploads\/2023\/02\/Defensoria_logo.png 600w\" sizes=\"(max-width: 150px) 100vw, 150px\" \/>\t\t\t\t\t\t\t\t\t\t\t\t\t\t\t<\/div>\n\t\t\t\t<\/div>\n\t\t\t\t<div class=\"elementor-element elementor-element-cf3b4b9 elementor-widget elementor-widget-text-editor\" data-id=\"cf3b4b9\" data-element_type=\"widget\" data-widget_type=\"text-editor.default\">\n\t\t\t\t<div class=\"elementor-widget-container\">\n\t\t\t<style>\/*! elementor - v3.6.5 - 27-04-2022 *\/\n.elementor-widget-text-editor.elementor-drop-cap-view-stacked .elementor-drop-cap{background-color:#818a91;color:#fff}.elementor-widget-text-editor.elementor-drop-cap-view-framed .elementor-drop-cap{color:#818a91;border:3px solid;background-color:transparent}.elementor-widget-text-editor:not(.elementor-drop-cap-view-default) .elementor-drop-cap{margin-top:8px}.elementor-widget-text-editor:not(.elementor-drop-cap-view-default) .elementor-drop-cap-letter{width:1em;height:1em}.elementor-widget-text-editor .elementor-drop-cap{float:left;text-align:center;line-height:1;font-size:50px}.elementor-widget-text-editor .elementor-drop-cap-letter{display:inline-block}<\/style>\t\t\t\t<p>La Delegaci\u00f3n de la Defensor\u00eda del Pueblo de la Naci\u00f3n en Entre R\u00edos funciona en Paran\u00e1 desde mayo de 2010.&nbsp;Interviene cuando los planteos de la ciudadan\u00eda exceden la jurisdicci\u00f3n local y provincial. La oficina opera en el mismo espacio f\u00edsico de la Defensor\u00eda del Pueblo de Paran\u00e1. <br>Su funcionamiento se funda en un convenio rubricado entre las Defensor\u00edas de Paran\u00e1 y de la Naci\u00f3n con el fin de ofrecer mayores servicios a la ciudadan\u00eda y ha&nbsp;sido de gran importancia para ampliar y optimizar la defensa de los derechos ciudadanos.&nbsp;Act\u00faa, entre otros reclamos, ante: <br>&nbsp; &nbsp; &nbsp;\u2022 Obras sociales nacionales (falta de prestaciones, de cobertura de medicamentos, por incumplimiento del Programa M\u00e9dico Obligatorio PMO, etc)<br>&nbsp; &nbsp; &nbsp;\u2022 ANS\u00e9S (Asignaci\u00f3n Universal por Hijo, asignaciones familiares, incompatibilidad de beneficios nacionales y provinciales, etc);<br>&nbsp; &nbsp; &nbsp;\u2022 Jubilaciones y Pensiones Nacionales<br>&nbsp; &nbsp; &nbsp;\u2022 Pami<br>&nbsp; &nbsp; &nbsp;\u2022 Multas por Foto Radar (solicitudes de asesoramiento de ciudadanos de todo el pa\u00eds para realizar descargos y apelaciones)<br>&nbsp; &nbsp; &nbsp;\u2022 Bancos (presentaciones por mala atenci\u00f3n y demoras, por el funcionamiento de los cajeros, d\u00e9bitos autom\u00e1ticos, etc)<br>&nbsp; &nbsp; &nbsp;\u2022 Documentaci\u00f3n Personal (reclamos por la demora en tr\u00e1mites administrativos).<\/p>\n<p>C\u00f3mo comunicarse<br>&nbsp; &nbsp;<strong> &nbsp;\u2022 Personalmente o por v\u00eda postal en la sede de H. Yrigoyen 236 de Paran\u00e1<\/strong><br><strong>&nbsp; &nbsp; &nbsp;\u2022 Por tel\u00e9fono fijo al (0343) 4202322 y 08007771112<\/strong><br><strong>&nbsp; &nbsp; &nbsp;\u2022 Por whatsApp al 11 37625004 (mensaje de texto)<\/strong><br><strong>&nbsp; &nbsp; &nbsp;\u2022 Por correo electr\u00f3nico a paranadpn@gmail.com<\/strong><\/p>\t\t\t\t\t\t<\/div>\n\t\t\t\t<\/div>\n\t\t\t\t\t<\/div>\n\t\t<\/div>\n\t\t\t\t\t\t\t<\/div>\n\t\t<\/section>\n\t\t\t\t\t\t\t<\/div>\n\t\t","protected":false},"excerpt":{"rendered":"<p>Defensor\u00eda del Pueblo de la Naci\u00f3n Argentina La Delegaci\u00f3n de la Defensor\u00eda del Pueblo de la Naci\u00f3n en Entre R\u00edos funciona en Paran\u00e1 desde mayo de 2010.&nbsp;Interviene cuando los planteos de la ciudadan\u00eda exceden la jurisdicci\u00f3n local y provincial. La oficina opera en el mismo espacio f\u00edsico de la Defensor\u00eda del Pueblo de Paran\u00e1. Su [&hellip;]<\/p>\n","protected":false},"author":1,"featured_media":0,"parent":0,"menu_order":0,"comment_status":"closed","ping_status":"closed","template":"elementor_header_footer","meta":{"om_disable_all_campaigns":false,"_monsterinsights_skip_tracking":false,"_monsterinsights_sitenote_active":false,"_monsterinsights_sitenote_note":"","_monsterinsights_sitenote_category":0},"_links":{"self":[{"href":"https:\/\/defensoriaparana.com.ar\/index.php\/wp-json\/wp\/v2\/pages\/4521"}],"collection":[{"href":"https:\/\/defensoriaparana.com.ar\/index.php\/wp-json\/wp\/v2\/pages"}],"about":[{"href":"https:\/\/defensoriaparana.com.ar\/index.php\/wp-json\/wp\/v2\/types\/page"}],"author":[{"embeddable":true,"href":"https:\/\/defensoriaparana.com.ar\/index.php\/wp-json\/wp\/v2\/users\/1"}],"replies":[{"embeddable":true,"href":"https:\/\/defensoriaparana.com.ar\/index.php\/wp-json\/wp\/v2\/comments?post=4521"}],"version-history":[{"count":11,"href":"https:\/\/defensoriaparana.com.ar\/index.php\/wp-json\/wp\/v2\/pages\/4521\/revisions"}],"predecessor-version":[{"id":6308,"href":"https:\/\/defensoriaparana.com.ar\/index.php\/wp-json\/wp\/v2\/pages\/4521\/revisions\/6308"}],"wp:attachment":[{"href":"https:\/\/defensoriaparana.com.ar\/index.php\/wp-json\/wp\/v2\/media?parent=4521"}],"curies":[{"name":"wp","href":"https:\/\/api.w.org\/{rel}","templated":true}]}}