{"id":6399,"date":"2025-11-01T12:07:04","date_gmt":"2025-11-01T12:07:04","guid":{"rendered":"https:\/\/defensoriaparana.com.ar\/?page_id=6399"},"modified":"2025-11-01T12:07:04","modified_gmt":"2025-11-01T12:07:04","slug":"se-celebra-el-dia-de-los-mediadores-comunitarios-y-22-anos-de-funcionamiento-del-centro-de-mediacion","status":"publish","type":"page","link":"https:\/\/defensoriaparana.com.ar\/index.php\/se-celebra-el-dia-de-los-mediadores-comunitarios-y-22-anos-de-funcionamiento-del-centro-de-mediacion\/","title":{"rendered":"Se celebra el D\u00eda de los mediadores comunitarios y 22 a\u00f1os de funcionamiento del Centro de Mediaci\u00f3n"},"content":{"rendered":"<p>La Defensor\u00eda del Pueblo de Paran\u00e1 celebra este 1\u00b0 de noviembre el D\u00eda del Mediador Comunitario y los 22 a\u00f1os de funcionamiento de su Centro de Mediaci\u00f3n. Se trata de acontecimientos de gran significaci\u00f3n para la instituci\u00f3n.<\/p>\n<p>Ambas conmemoraciones est\u00e1n relacionadas entre s\u00ed, ya que el reconocimiento a mediadoras y mediadores fue instituido el primer d\u00eda de noviembre en homenaje al inicio del trabajo del Centro de Mediaci\u00f3n, en 2003. Mediante la ordenanza N\u00b0 9117 de 2013, se reconoci\u00f3 la valiosa dedicaci\u00f3n de las decenas de personas \u2013en la actualidad son casi 80- que integran y han integrado el Registro de Mediadores Comunitarios Voluntarios y Ad honorem de la Defensor\u00eda del Pueblo en estas m\u00e1s de dos d\u00e9cadas.<\/p>\n<p>La ordenanza 8391, de creaci\u00f3n de la Defensor\u00eda del Pueblo de Paran\u00e1, instituy\u00f3 de manera in\u00e9dita en su \u00e1mbito el Centro de Mediaci\u00f3n Comunitaria, que comenz\u00f3 a funcionar unos meses despu\u00e9s que la instituci\u00f3n, el 1\u00b0 de noviembre de 2003. La primera coordinadora fue Martha Arr\u00edas Pab\u00f3n, quien instrument\u00f3 el Registro de Mediadores Comunitarios Voluntarios, inaugurando\u00a0 una modalidad novedosa que fue desarroll\u00e1ndose en el tiempo y ganando el reconocimiento en el \u00e1mbito nacional e internacional. El trabajo continu\u00f3 desde 2008 creciendo y consolid\u00e1ndose, con la coordinaci\u00f3n de Irina Chausovsky, quien ha revalidado el cargo a trav\u00e9s de tres concursos p\u00fablicos de oposici\u00f3n y antecedentes (2012, 2018 y 2022), tal cual lo previsto en la ordenanza 8391.<\/p>\n<p>La singularidad del Registro se explica, principalmente, en las siguientes caracter\u00edsticas: es el m\u00e1s numeroso del pa\u00eds (ha llegado a contar con m\u00e1s de un centenar de integrantes), su conformaci\u00f3n es multidisciplinaria con profesionales de distintas especialidades y oficios, el trabajo es ad honorem y los mediadores tiene instancias de capacitaci\u00f3n permanente. Por a\u00f1o, el Centro atiende unos 500 casos de conflictos entre vecinos con la valiosa colaboraci\u00f3n de los integrantes del Registro.<\/p>\n<p>Por toda la labor realizada y el compromiso constante, la Defensor\u00eda del Pueblo agradece a mediadoras y mediadores comunitarios, destaca su trabajo en pos del bien com\u00fan y una convivencia basada en la paz y el di\u00e1logo, y la generosidad con que brindan su trabajo.<\/p>\n","protected":false},"excerpt":{"rendered":"<p>La Defensor\u00eda del Pueblo de Paran\u00e1 celebra este 1\u00b0 de noviembre el D\u00eda del Mediador Comunitario y los 22 a\u00f1os de funcionamiento de su Centro de Mediaci\u00f3n. Se trata de acontecimientos de gran significaci\u00f3n para la instituci\u00f3n. Ambas conmemoraciones est\u00e1n relacionadas entre s\u00ed, ya que el reconocimiento a mediadoras y mediadores fue instituido el primer [&hellip;]<\/p>\n","protected":false},"author":2,"featured_media":6400,"parent":0,"menu_order":0,"comment_status":"closed","ping_status":"closed","template":"","meta":{"om_disable_all_campaigns":false,"_monsterinsights_skip_tracking":false,"_monsterinsights_sitenote_active":false,"_monsterinsights_sitenote_note":"","_monsterinsights_sitenote_category":0},"_links":{"self":[{"href":"https:\/\/defensoriaparana.com.ar\/index.php\/wp-json\/wp\/v2\/pages\/6399"}],"collection":[{"href":"https:\/\/defensoriaparana.com.ar\/index.php\/wp-json\/wp\/v2\/pages"}],"about":[{"href":"https:\/\/defensoriaparana.com.ar\/index.php\/wp-json\/wp\/v2\/types\/page"}],"author":[{"embeddable":true,"href":"https:\/\/defensoriaparana.com.ar\/index.php\/wp-json\/wp\/v2\/users\/2"}],"replies":[{"embeddable":true,"href":"https:\/\/defensoriaparana.com.ar\/index.php\/wp-json\/wp\/v2\/comments?post=6399"}],"version-history":[{"count":1,"href":"https:\/\/defensoriaparana.com.ar\/index.php\/wp-json\/wp\/v2\/pages\/6399\/revisions"}],"predecessor-version":[{"id":6401,"href":"https:\/\/defensoriaparana.com.ar\/index.php\/wp-json\/wp\/v2\/pages\/6399\/revisions\/6401"}],"wp:featuredmedia":[{"embeddable":true,"href":"https:\/\/defensoriaparana.com.ar\/index.php\/wp-json\/wp\/v2\/media\/6400"}],"wp:attachment":[{"href":"https:\/\/defensoriaparana.com.ar\/index.php\/wp-json\/wp\/v2\/media?parent=6399"}],"curies":[{"name":"wp","href":"https:\/\/api.w.org\/{rel}","templated":true}]}}